{"id":137,"date":"2023-08-29T07:16:03","date_gmt":"2023-08-29T07:16:03","guid":{"rendered":"https:\/\/en.yarraland.com\/?page_id=137"},"modified":"2023-08-29T07:20:53","modified_gmt":"2023-08-29T07:20:53","slug":"mantainane","status":"publish","type":"page","link":"https:\/\/en.yarraland.com\/vi\/mantainane\/","title":{"rendered":"MANTAINANE"},"content":{"rendered":"<div data-elementor-type=\"wp-page\" data-elementor-id=\"137\" class=\"elementor elementor-137\" data-elementor-post-type=\"page\">\n\t\t\t\t\t\t\t\t\t<section class=\"elementor-section elementor-top-section elementor-element elementor-element-7cb73a1 elementor-section-full_width elementor-section-height-full elementor-section-height-default elementor-section-items-middle\" data-id=\"7cb73a1\" data-element_type=\"section\">\n\t\t\t\t\t\t<div class=\"elementor-container elementor-column-gap-default\">\n\t\t\t\t\t<div class=\"elementor-column elementor-col-100 elementor-top-column elementor-element elementor-element-e5c1b26\" data-id=\"e5c1b26\" data-element_type=\"column\">\n\t\t\t<div class=\"elementor-widget-wrap elementor-element-populated\">\n\t\t\t\t\t\t\t\t<div class=\"elementor-element elementor-element-d2f3eb0 elementor-widget elementor-widget-heading\" data-id=\"d2f3eb0\" data-element_type=\"widget\" data-widget_type=\"heading.default\">\n\t\t\t\t<div class=\"elementor-widget-container\">\n\t\t\t<style>\/*! elementor - v3.18.0 - 08-12-2023 *\/\n.elementor-heading-title{padding:0;margin:0;line-height:1}.elementor-widget-heading .elementor-heading-title[class*=elementor-size-]>a{color:inherit;font-size:inherit;line-height:inherit}.elementor-widget-heading .elementor-heading-title.elementor-size-small{font-size:15px}.elementor-widget-heading .elementor-heading-title.elementor-size-medium{font-size:19px}.elementor-widget-heading .elementor-heading-title.elementor-size-large{font-size:29px}.elementor-widget-heading .elementor-heading-title.elementor-size-xl{font-size:39px}.elementor-widget-heading .elementor-heading-title.elementor-size-xxl{font-size:59px}<\/style><h2 class=\"elementor-heading-title elementor-size-default\">SORRY WE ARE UPDATING<\/h2>\t\t<\/div>\n\t\t\t\t<\/div>\n\t\t\t\t<div class=\"elementor-element elementor-element-ac6afd7 elementor-widget elementor-widget-heading\" data-id=\"ac6afd7\" data-element_type=\"widget\" data-widget_type=\"heading.default\">\n\t\t\t\t<div class=\"elementor-widget-container\">\n\t\t\t<h2 class=\"elementor-heading-title elementor-size-default\"><a href=\"http:\/\/YARRALND.COM.AU\" target=\"_blank\" rel=\"noopener\">XIN L\u1ed6I CH\u00daNG T\u00d4I \u0110ANG C\u1eacP NH\u1eacT<\/a><\/h2>\t\t<\/div>\n\t\t\t\t<\/div>\n\t\t\t\t<div class=\"elementor-element elementor-element-3b84b1a elementor-widget elementor-widget-heading\" data-id=\"3b84b1a\" data-element_type=\"widget\" data-widget_type=\"heading.default\">\n\t\t\t\t<div class=\"elementor-widget-container\">\n\t\t\t<h3 class=\"elementor-heading-title elementor-size-default\"><a href=\"http:\/\/YARRALAND.COM.AU\" target=\"_blank\" rel=\"noopener\">H\u00c3Y TRUY C\u1eacP: YARRALAND.COM.AU<\/a><\/h3>\t\t<\/div>\n\t\t\t\t<\/div>\n\t\t\t\t<div class=\"elementor-element elementor-element-f3b45de elementor-widget elementor-widget-heading\" data-id=\"f3b45de\" data-element_type=\"widget\" data-widget_type=\"heading.default\">\n\t\t\t\t<div class=\"elementor-widget-container\">\n\t\t\t<h3 class=\"elementor-heading-title elementor-size-default\"><a href=\"http:\/\/YARRALAND.COM.AU\" target=\"_blank\" rel=\"noopener\">PLEASE GO AHEAD AT: YARRALAND.COM.AU<\/a><\/h3>\t\t<\/div>\n\t\t\t\t<\/div>\n\t\t\t\t\t<\/div>\n\t\t<\/div>\n\t\t\t\t\t\t\t<\/div>\n\t\t<\/section>\n\t\t\t\t\t\t\t<\/div>","protected":false},"excerpt":{"rendered":"<p>SORRY WE ARE UPDATING XIN L\u1ed6I CH\u00daNG T\u00d4I \u0110ANG C\u1eacP NH\u1eacT H\u00c3Y TRUY C\u1eacP: YARRALAND.COM.AU PLEASE GO AHEAD AT: YARRALAND.COM.AU<\/p>","protected":false},"author":1,"featured_media":0,"parent":0,"menu_order":0,"comment_status":"closed","ping_status":"closed","template":"elementor_header_footer","meta":{"footnotes":""},"acf":[],"_links":{"self":[{"href":"https:\/\/en.yarraland.com\/vi\/wp-json\/wp\/v2\/pages\/137"}],"collection":[{"href":"https:\/\/en.yarraland.com\/vi\/wp-json\/wp\/v2\/pages"}],"about":[{"href":"https:\/\/en.yarraland.com\/vi\/wp-json\/wp\/v2\/types\/page"}],"author":[{"embeddable":true,"href":"https:\/\/en.yarraland.com\/vi\/wp-json\/wp\/v2\/users\/1"}],"replies":[{"embeddable":true,"href":"https:\/\/en.yarraland.com\/vi\/wp-json\/wp\/v2\/comments?post=137"}],"version-history":[{"count":0,"href":"https:\/\/en.yarraland.com\/vi\/wp-json\/wp\/v2\/pages\/137\/revisions"}],"wp:attachment":[{"href":"https:\/\/en.yarraland.com\/vi\/wp-json\/wp\/v2\/media?parent=137"}],"curies":[{"name":"wp","href":"https:\/\/api.w.org\/{rel}","templated":true}]}}